{"id":8934,"date":"2023-07-06T09:13:13","date_gmt":"2023-07-06T07:13:13","guid":{"rendered":"https:\/\/www.ferrieres-paris.com\/?page_id=8934"},"modified":"2025-01-07T14:05:20","modified_gmt":"2025-01-07T13:05:20","slug":"social-and-environmental-responsibility","status":"publish","type":"page","link":"https:\/\/ferrieres-paris.devsecureweb.com\/en\/social-and-environmental-responsibility\/","title":{"rendered":"Social and Environmental Responsibility"},"content":{"rendered":" <div style=\"height:50px\" aria-hidden=\"true\" class=\"wp-block-spacer\"><\/div> <h2 class=\"wp-block-heading\">FERRI\u00c8RES AND SUSTAINABLE DEVELOPMENT<\/h2> <p>Ferri\u00e8res, Hospitality and Luxury Management School, is committed to sustainable development. Our sustainability objectives are based on the 17 Sustainable Development Goals (SDG) of the United Nations.<\/p> <p>Ferri\u00e8res is committed to working with all its stakeholders to build a CSR policy that benefit its students and employees. This initiative is aligned with the process of building a better and more sustainable school.<\/p> <p>The year 2025 marks the birth of the Ferri\u00e8res CSR Charter. For this<sup> 1st<\/sup> year, we have decided to select 4 <em>Goals <\/em>and commit to them, in order to fulfill our sustainability objectives.<\/p> <ul class=\"wp-block-list\"> <li>Access to quality education <em>(4th Goal<\/em>)<\/li> <li>Health and well-being <em>(3rd Goal<\/em>)<\/li> <li>Reducing inequalities <em>(10th Goal<\/em>)<\/li> <li>Measures to address climate change <em>(13th Goal<\/em>)<\/li> <\/ul> <div style=\"height:30px\" aria-hidden=\"true\" class=\"wp-block-spacer\"><\/div> <p>The CSR Charter provides a framework for our responsibility scheme, in terms of managing ethics, integrity and compliance with the law, as well as our social, societal and environmental responsibilities.<\/p> <div style=\"height:30px\" aria-hidden=\"true\" class=\"wp-block-spacer\"><\/div> <h2 class=\"wp-block-heading\">OUR VALUES<\/h2> <ul class=\"wp-block-list\"> <li>AUDACITY<\/li> <li>INNOVATION<\/li> <li>RESPECT &amp; HUMILITY<\/li> <\/ul> <div style=\"height:50px\" aria-hidden=\"true\" class=\"wp-block-spacer\"><\/div> <h2 class=\"wp-block-heading\">OUR COMMITMENTS<\/h2> <ul class=\"wp-block-list\"> <li>POSITIVE EDUCATION &amp; WELL-BEING<\/li> <li>INCLUSION &amp; DIVERSITY<\/li> <li>SUSTAINABLE PERFORMANCE <\/li> <li>EMPLOYABILITY<\/li> <\/ul> <div style=\"height:50px\" aria-hidden=\"true\" class=\"wp-block-spacer\"><\/div> <h2 class=\"wp-block-heading\">FERRI\u00c8RES&#8217; AMBITIONS<\/h2> <ul class=\"wp-block-list\"> <li>Train the efficient players who will be leading the civil and economic society of tomorrow<\/li> <li>Develop curricula based on positive education<\/li> <li>Uphold our core values of Audacity, Innovation, Humility, Hard Work and Openness<\/li> <\/ul> <div style=\"height:30px\" aria-hidden=\"true\" class=\"wp-block-spacer\"><\/div> <figure class=\"wp-block-image size-full\"><img loading=\"lazy\" decoding=\"async\" width=\"1000\" height=\"667\" src=\"https:\/\/ferrieres-paris.devsecureweb.com\/wp-content\/uploads\/2021\/10\/7-1.jpg\" alt=\"\" class=\"wp-image-4973\" srcset=\"https:\/\/ferrieres-paris.devsecureweb.com\/wp-content\/uploads\/2021\/10\/7-1.jpg 1000w, https:\/\/ferrieres-paris.devsecureweb.com\/wp-content\/uploads\/2021\/10\/7-1-300x200.jpg 300w, https:\/\/ferrieres-paris.devsecureweb.com\/wp-content\/uploads\/2021\/10\/7-1-768x512.jpg 768w, https:\/\/ferrieres-paris.devsecureweb.com\/wp-content\/uploads\/2021\/10\/7-1-200x133.jpg 200w\" sizes=\"auto, (max-width: 1000px) 100vw, 1000px\" \/><\/figure> <div style=\"height:30px\" aria-hidden=\"true\" class=\"wp-block-spacer\"><\/div> <h2 class=\"wp-block-heading\"><strong>OUR COMMITMENTS AS A RESPONSIBLE CORPORATE PLAYER<\/strong><\/h2> <h2 class=\"wp-block-heading\">Ensuring the well-being of our students<\/h2> <ul class=\"wp-block-list\"> <li>2025: Organise several student wellness days, the &#8220;Well-Being Project&#8221;, during the year.<\/li> <li>2025: Offer personalised coaching for 1<sup>st<\/sup>-yearstudents from the start of the 2025-2026 academic year.<\/li> <li>2025: Plan individual follow-up &#8220;<em>quality time<\/em>&#8221; sessions with the coordinator in charge of each cohort, several times a year.<\/li> <li>2025: Schedule two student seminars on citizenship and on preventing and combating harassment.<\/li> <\/ul> <div style=\"height:50px\" aria-hidden=\"true\" class=\"wp-block-spacer\"><\/div> <h2 class=\"wp-block-heading\">Cultivating benevolence, tolerance and inclusion<\/h2> <ul class=\"wp-block-list\"> <li>2025: Be able to welcome people with disabilities.<\/li> <li><span style=\"color: initial;\">2025: Comply with PRM (People with Reduced Mobility) accessibility regulations. Accessible elevators serve the classroom floors, and parking spaces are reserved for disabled people.<\/span><\/li> <li>2025: Ensure the integration of PRMs and offer them appropriate support in accessing training, acquiring skills and succeeding in their career plans, under the guidance of a coordinator.<\/li> <li>2025: Be supported by local partners: <em>AGEFIPH, CAP EMPLOI 77, MDPH Maison D\u00e9partementale des Personnes Handicap\u00e9es, F\u00e9d\u00e9ration APAJH &#8211; APAJH Formation<\/em>.<\/li> <\/ul> <div style=\"height:50px\" aria-hidden=\"true\" class=\"wp-block-spacer\"><\/div> <h2 class=\"wp-block-heading\">Reducing inequalities and ensuring equal opportunities<\/h2> <ul class=\"wp-block-list\"> <li>2025: G.A Financement will provide students with a guaranteed solution for financing their education under the best possible terms, as well as personalized support for every problem.<\/li> <li><span style=\"color: initial;\">2025: Grant scholarships and bursaries based on merit through the Endowment Fund.<\/span><\/li> <li><span style=\"color: initial;\">2025: Offer a few students the opportunity to get an employment contract in one of the Ferri\u00e8res ecosystem&#8217;s business units, on a work &amp; study basis, while pursuing their studies.<\/span><\/li> <li>2025: Regular opportunities for students in the form of short-term assignments in the hotel and food service industry, provided by the heads of our departments<\/li> <li>2025: Introduce a system of offers and discounts for our students in all our entity services.<\/li> <\/ul> <div style=\"height:50px\" aria-hidden=\"true\" class=\"wp-block-spacer\"><\/div> <h2 class=\"wp-block-heading\">Promoting diversity and international cultures<\/h2> <ul class=\"wp-block-list\"> <li>2025: Enroll more than 30 % international students.<\/li> <li><span style=\"color: initial;\">2025: Foster the development of international partnerships.<\/span><\/li> <li>2025: Promote overseas programs and international mobility through study abroad offerings and internships around the world, 100% English courses from the<sup> 1st<\/sup> year and Master\u2019s courses exclusively in English.<\/li> <\/ul> <div style=\"height:50px\" aria-hidden=\"true\" class=\"wp-block-spacer\"><\/div> <h2 class=\"wp-block-heading\">Provide support to students and guide them toward employability<\/h2> <ul class=\"wp-block-list\"> <li>2025: Establish business partnerships with the most prestigious brands in the Hotel, Gastronomy and Luxury sectors (over 30 professional partners today).<\/li> <li>2025: Organise the annual <em>Career Summit: <\/em> where the biggest brands in the Hospitality, Gastronomy and Luxury sectors meet their potential future talents, and give all future graduates the opportunity to learn about the job market through brand presentations, lectures on the hospitality industry trends and recruitment interviews.<\/li> <li><span style=\"color: initial;\">2025: Enhance students&#8217; employability through a unique Programme for accelerated professionalization at Ferri\u00e8res, aimed at immersing students in the school\u2019s operational entities, in contact with industry professionals and demanding customers.<\/span><\/li> <li>2025: Organise innovative and challenging activities, several times a year, to test students&#8217; critical thinking, analytical skills and professionalism, in partnership with leading luxury brands, pushing them to address specific issues and cases.<\/li> <\/ul> <div style=\"height:50px\" aria-hidden=\"true\" class=\"wp-block-spacer\"><\/div> <h2 class=\"wp-block-heading\"><strong>OUR COMMITMENTS AS AN ESTABLISHMENT INVOLVED IN THE ENVIRONMENTAL ISSUES<\/strong><\/h2> <h4 class=\"wp-block-heading\"><strong>Teaching sustainable practices to our students through apprenticeships<\/strong><\/h4> <ul class=\"wp-block-list\"> <li>2025: Design each program and training course to include modules dedicated to sustainability and innovation.<\/li> <li><span style=\"color: initial;\">2025: Raise teachers&#8217; awareness of sustainability issues so that they can fully integrate them into their teaching.<\/span><\/li> <li><span style=\"color: initial;\">2025: Set up eco-delegates to build a connection between the students and the school for the implementation of the green initiatives.<\/span><\/li> <li><span style=\"color: initial;\">2025: Include new eating habits (vegetarian\/vegan) in our training courses, as well as aspects of nutrition and \u201cwellness\u201d menus (calorie and macronutrient balance).<\/span><\/li> <li><span style=\"color: initial;\">2025: Integrate meticulous management of food items by our Chefs, as part of our cooking methods, in the classroom and in our restaurants.<\/span><\/li> <li><span style=\"color: initial;\">2025: Include a sustainable development component in every student project.<\/span><\/li> <li><span style=\"color: initial;\">2025: Introduce at least 3 CSR and\/or green business lectures during the year.<\/span><\/li> <li>2025: Create an association for the environment.<\/li> <\/ul> <div style=\"height:50px\" aria-hidden=\"true\" class=\"wp-block-spacer\"><\/div> <h2 class=\"wp-block-heading\">Developing a responsible framework and practices within the ecosystem<\/h2> <ul class=\"wp-block-list\"> <li>2025: Promote &#8220;home-made&#8221; and 100% fresh produce in our restaurants.<\/li> <li><span style=\"color: initial;\">2025 : Limit food waste through the careful calculation and management of food quantities and just-in-time production management by our Chefs.<\/span><\/li> <li><span style=\"color: initial;\">2025: Design seasonal menus<\/span><\/li> <li><span style=\"color: initial;\">2025: Give priority to farm-to-table, local and French produce, and use the Ferri\u00e8res ecosystem\u2019s products to design offers and menus. Wines from Ch\u00e2teau la Dorgonne or breads, pastries and desserts from Madeleine by Ferri\u00e8res are on our restaurant menus and are part of our events\u2019 catering offerings.<\/span><\/li> <li>2025: Include a vegetarian menu in each of our restaurants.<\/li> <li>2025: Respect biodiversity within our group and the 60-hectare park surrounding the Ch\u00e2teau de Ferri\u00e8res.<\/li> <li><span style=\"color: initial;\">2025: Introduce solar panels on campus.<\/span><\/li> <li><span style=\"color: initial;\">2025: Aim to eliminate the use of paper on our campus.<\/span><\/li> <li><span style=\"color: initial;\">2025: Transportation: Increase awareness among students about the use of bicycles and electric cars on campus.<\/span><\/li> <li><span style=\"color: initial;\">2025: Implement waste sorting and install the corresponding signs and sorting areas: glass, plastic, cardboard and compost are sorted into corresponding colored bins and stored in dedicated areas.<\/span><\/li> <li><span style=\"color: initial;\">2025: Protect natural resources by installing water recovery systems.<\/span><\/li> <li>2025: Introduce green standards in the construction of the new campus.<\/li> <\/ul> <div style=\"height:50px\" aria-hidden=\"true\" class=\"wp-block-spacer\"><\/div> <h2 class=\"wp-block-heading\">Obtaining certifications through sustainable development labels<\/h2> <ul class=\"wp-block-list\"> <li>2025: Certification of our organic wines and olive oils (Domaine Ch\u00e2teau La Dorgonne).<\/li> <li>2025: Obtain the DD&amp;RS label.<\/li> <\/ul> <div style=\"height:50px\" aria-hidden=\"true\" class=\"wp-block-spacer\"><\/div> <h2 class=\"wp-block-heading\">Selecting suppliers with care<\/h2> <ul class=\"wp-block-list\"> <li>2025: Choose our suppliers on the basis of common environmental and social values (eco-label, reduced ecological footprint, waste management, respect of employees and of standards, etc.).<\/li> <li><span style=\"color: initial;\">2025: Choose suppliers who respect the environment and animal welfare: all our animal products, our fresh eggs and egg products are labeled and respect animal welfare. Our fresh eggs are organic.<\/span><\/li> <li>2025: Favoring farm-to-table principle with local suppliers, <\/li> <\/ul> <div style=\"height:50px\" aria-hidden=\"true\" class=\"wp-block-spacer\"><\/div> <h2 class=\"wp-block-heading\">Contributing to innovative research benefiting the environmental cause<\/h2> <ul class=\"wp-block-list\"> <li>2025: Increase research into sustainable development issues.<\/li> <li>2025: Increase by 10% the academic articles on CSR produced by our research faculty, as compared to 2024<\/li> <\/ul> ","protected":false},"excerpt":{"rendered":"<p>FERRI\u00c8RES AND SUSTAINABLE DEVELOPMENT Ferri\u00e8res, Hospitality and Luxury Management School, is committed to sustainable development. Our sustainability objectives are based on the 17 Sustainable Development Goals (SDG) of the United [&hellip;]<\/p>\n","protected":false},"author":10,"featured_media":8954,"parent":0,"menu_order":0,"comment_status":"closed","ping_status":"closed","template":"page-rse.php","meta":{"_acf_changed":false,"content-type":"","inline_featured_image":false,"footnotes":""},"class_list":["post-8934","page","type-page","status-publish","has-post-thumbnail","hentry"],"acf":[],"_links":{"self":[{"href":"https:\/\/ferrieres-paris.devsecureweb.com\/en\/wp-json\/wp\/v2\/pages\/8934","targetHints":{"allow":["GET"]}}],"collection":[{"href":"https:\/\/ferrieres-paris.devsecureweb.com\/en\/wp-json\/wp\/v2\/pages"}],"about":[{"href":"https:\/\/ferrieres-paris.devsecureweb.com\/en\/wp-json\/wp\/v2\/types\/page"}],"author":[{"embeddable":true,"href":"https:\/\/ferrieres-paris.devsecureweb.com\/en\/wp-json\/wp\/v2\/users\/10"}],"replies":[{"embeddable":true,"href":"https:\/\/ferrieres-paris.devsecureweb.com\/en\/wp-json\/wp\/v2\/comments?post=8934"}],"version-history":[{"count":7,"href":"https:\/\/ferrieres-paris.devsecureweb.com\/en\/wp-json\/wp\/v2\/pages\/8934\/revisions"}],"predecessor-version":[{"id":12410,"href":"https:\/\/ferrieres-paris.devsecureweb.com\/en\/wp-json\/wp\/v2\/pages\/8934\/revisions\/12410"}],"wp:featuredmedia":[{"embeddable":true,"href":"https:\/\/ferrieres-paris.devsecureweb.com\/en\/wp-json\/wp\/v2\/media\/8954"}],"wp:attachment":[{"href":"https:\/\/ferrieres-paris.devsecureweb.com\/en\/wp-json\/wp\/v2\/media?parent=8934"}],"curies":[{"name":"wp","href":"https:\/\/api.w.org\/{rel}","templated":true}]}}