{"id":10969,"date":"2024-04-16T09:13:19","date_gmt":"2024-04-16T07:13:19","guid":{"rendered":"https:\/\/www.ferrieres-paris.com\/?page_id=10969"},"modified":"2024-04-18T10:24:22","modified_gmt":"2024-04-18T08:24:22","slug":"ferrieres-insights","status":"publish","type":"page","link":"https:\/\/ferrieres-paris.devsecureweb.com\/en\/ferrieres-insights\/","title":{"rendered":"Ferri\u00e8res Insights"},"content":{"rendered":" <p>Ferri\u00e8res Hospitality &amp; Luxury Management School is delighted to invite you for its next episode of Ferri\u00e8res Insight.<\/p> <p>Every month, our Director of the Barcelona Campus and International Partnerships, <a href=\"https:\/\/es.linkedin.com\/in\/willemvanrossem?trk=public_post-text\" target=\"_blank\" rel=\"noopener\"><strong>Willem van Rossem<\/strong><\/a>, has some exciting online conversations with renowned guests.<\/p> <p>Ferri\u00e8res Insight is more than just a monthly online event: it&#8217;s a gateway to a world of knowledge, opportunity and inspiration for young hospitality professionals, students and anyone thinking of diving into the world of luxury and hospitality.<\/p> <p>We&#8217;ll discuss:<\/p> <ul class=\"wp-block-list\"> <li>their exceptional backgrounds<\/li> <li>their expertise<\/li> <li> their consuming passions<\/li> <li> the secrets to their success<\/li> <li> professional opportunities<\/li> <li>trends and new developments<\/li> <\/ul> <p>You&#8217;ll be able to ask them questions live!<\/p> <ul class=\"wp-block-list\"> <li>To participate in this exclusive event, please fill out the form. <\/li> <\/ul> <p>We look forward to seeing you on the next edition of Ferri\u00e8res Insight!<\/p> <ul class=\"wp-block-list\"> <li>Broadcast time: 6pm to 7pm (CEST)<\/li> <\/ul> <div style=\"height:50px\" aria-hidden=\"true\" class=\"wp-block-spacer\"><\/div> <figure class=\"wp-block-embed is-type-video is-provider-youtube wp-block-embed-youtube wp-embed-aspect-16-9 wp-has-aspect-ratio\"><div class=\"wp-block-embed__wrapper\"> <iframe loading=\"lazy\" title=\"Ferri\u00e8res Insight #4\" width=\"1170\" height=\"658\" src=\"https:\/\/www.youtube.com\/embed\/i5HWqVCU2gQ?feature=oembed\" frameborder=\"0\" allow=\"accelerometer; autoplay; clipboard-write; encrypted-media; gyroscope; picture-in-picture; web-share\" referrerpolicy=\"strict-origin-when-cross-origin\" allowfullscreen><\/iframe> <\/div><\/figure> ","protected":false},"excerpt":{"rendered":"<p>Ferri\u00e8res Hospitality &amp; Luxury Management School is delighted to invite you for its next episode of Ferri\u00e8res Insight. Every month, our Director of the Barcelona Campus and International Partnerships, Willem [&hellip;]<\/p>\n","protected":false},"author":10,"featured_media":10967,"parent":0,"menu_order":0,"comment_status":"closed","ping_status":"closed","template":"ferrieres-insights.php","meta":{"_acf_changed":false,"content-type":"","inline_featured_image":false,"footnotes":""},"class_list":["post-10969","page","type-page","status-publish","has-post-thumbnail","hentry"],"acf":[],"_links":{"self":[{"href":"https:\/\/ferrieres-paris.devsecureweb.com\/en\/wp-json\/wp\/v2\/pages\/10969","targetHints":{"allow":["GET"]}}],"collection":[{"href":"https:\/\/ferrieres-paris.devsecureweb.com\/en\/wp-json\/wp\/v2\/pages"}],"about":[{"href":"https:\/\/ferrieres-paris.devsecureweb.com\/en\/wp-json\/wp\/v2\/types\/page"}],"author":[{"embeddable":true,"href":"https:\/\/ferrieres-paris.devsecureweb.com\/en\/wp-json\/wp\/v2\/users\/10"}],"replies":[{"embeddable":true,"href":"https:\/\/ferrieres-paris.devsecureweb.com\/en\/wp-json\/wp\/v2\/comments?post=10969"}],"version-history":[{"count":6,"href":"https:\/\/ferrieres-paris.devsecureweb.com\/en\/wp-json\/wp\/v2\/pages\/10969\/revisions"}],"predecessor-version":[{"id":11001,"href":"https:\/\/ferrieres-paris.devsecureweb.com\/en\/wp-json\/wp\/v2\/pages\/10969\/revisions\/11001"}],"wp:featuredmedia":[{"embeddable":true,"href":"https:\/\/ferrieres-paris.devsecureweb.com\/en\/wp-json\/wp\/v2\/media\/10967"}],"wp:attachment":[{"href":"https:\/\/ferrieres-paris.devsecureweb.com\/en\/wp-json\/wp\/v2\/media?parent=10969"}],"curies":[{"name":"wp","href":"https:\/\/api.w.org\/{rel}","templated":true}]}}